{"id":1678,"date":"2025-01-09T11:24:48","date_gmt":"2025-01-09T11:24:48","guid":{"rendered":"https:\/\/lascroquetasdefer.com\/blog\/?page_id=1678"},"modified":"2025-01-09T11:25:15","modified_gmt":"2025-01-09T11:25:15","slug":"politica-de-privacidad","status":"publish","type":"page","link":"https:\/\/lascroquetasdefer.com\/blog\/politica-de-privacidad\/","title":{"rendered":"Pol\u00edtica de privacidad"},"content":{"rendered":"<h4>Pol\u00edtica de privacidad<\/h4>\n<p>De conformidad con lo dispuesto en la Ley Org\u00e1nica 15\/1999, de Protecci\u00f3n de Datos de Car\u00e1cter Personal (LOPD) y su normativa de desarrollo, el responsable del sitio Web, en cumplimiento de lo dispuesto en el art. 5 y 6 de la LOPD, informa a todos los usuarios del sitio Web que faciliten o vayan a facilitar sus datos personales, que estos ser\u00e1n objeto de tratamiento automatizado e incorporados al correspondiente fichero automatizado<strong>\u00a0<\/strong>cuya titularidad corresponde a<strong>\u00a0<\/strong>Las Croquetas de Fer.<\/p>\n<p>El usuario, mediante la marcaci\u00f3n de la casilla, acepta expresamente y de forma libre e inequ\u00edvoca que sus datos personales sean tratados por parte del prestador para realizar las siguientes finalidades:<\/p>\n<p><strong>\u00a0 \u00a0 \u00a0 1.\u00a0\u00a0\u00a0\u00a0<\/strong>Remisi\u00f3n de comunicaciones comerciales publicitarias principalmente por email, o cualesquier otro medio electr\u00f3nico o f\u00edsico, presente o futuro, que posibilite realizar comunicaci\u00f3n comerciales. Dichas comunicaciones comerciales ser\u00e1n relacionadas sobre productos o servicios ofrecidos por el prestador, as\u00ed como por parte de los colaboradores o parthners con los que \u00e9ste hubiera alcanzado alg\u00fan acuerdo de promoci\u00f3n comercial entre sus clientes. En este caso, los terceros nunca tendr\u00e1n acceso a los datos personales. En todo caso las comunicaciones comerciales ser\u00e1n realizadas por parte del prestador y ser\u00e1n de productos y servicios relacionados con el sector del prestador.<\/p>\n<p><strong>\u00a0 \u00a0 \u00a0 2.\u00a0\u00a0\u00a0\u00a0<\/strong>Remitir el Bolet\u00edn de Noticias de la p\u00e1gina Web.<\/p>\n<p>Las Croquetas de Fer recoge datos de car\u00e1cter personal a trav\u00e9s de sus formularios y de la inscripci\u00f3n al Bolet\u00edn de Noticias y Ofertas. Estos datos solicitados, son obligatorios, ya que son necesarios para la prestaci\u00f3n de un servicio \u00f3ptimo al usuario. En caso de que no sean facilitados todos los datos, el prestador no garantiza que la informaci\u00f3n y servicios facilitados sean completamente ajustados a sus necesidades. El usuario garantiza que los datos personales facilitados a Las Croquetas de Fer son veraces y se hace responsable de comunicar cualquier modificaci\u00f3n en los mismos<\/p>\n<p>Los usuarios tienen derechos reconocidos y podr\u00e1n ejercitar los Derechos de Acceso, Cancelaci\u00f3n, Rectificaci\u00f3n y Oposici\u00f3n, dirigiendo un escrito acompa\u00f1ado de documento que lo identifique, a trav\u00e9s de los siguientes medios:<\/p>\n<p>1.\u00a0 Email:\u00a0<span id=\"cloak97f6eae4a1a8f900d5c67c518c942160\"><a href=\"mailto:info@lascroquetasdefer.com\">info@lascroquetasdefer.com<\/a><\/span><\/p>\n<p>2.\u00a0 Fax: +34 605 67 92 34<\/p>\n<p>3.\u00a0 Correo Postal: Avda. de Extremadura, s\/n \u00a0 06210 Torremej\u00eda\u00a0&#8211; Badajoz<\/p>\n<p>Del mismo modo, el usuario podr\u00e1 darse de baja de cualquiera de los servicios de suscripci\u00f3n facilitados haciendo clic en el apartado darse de baja de todos los correos electr\u00f3nicos remitidos por parte del prestador.<\/p>\n<p>Fuera de los casos legalmente establecidos, sus datos no ser\u00e1n comunicados ni cedidos a terceros sin su consentimiento expreso, y en caso de que la existencia de cesiones fuera necesaria para la prestaci\u00f3n de los servicios que nos solicite, usted ser\u00e1 informado de ello.<\/p>\n<p>Las Croquetas de Fer, ha adoptado todas las medidas t\u00e9cnicas y de organizaci\u00f3n necesarias para garantizar la seguridad e integridad de los datos de car\u00e1cter personal que trate, as\u00ed como para evitar su p\u00e9rdida, alteraci\u00f3n y\/o acceso por parte de terceros no autorizados.<\/p>\n","protected":false},"excerpt":{"rendered":"<p>Pol\u00edtica de privacidad De conformidad con lo dispuesto en la Ley &#8230; <\/p>\n","protected":false},"author":1,"featured_media":0,"parent":0,"menu_order":0,"comment_status":"closed","ping_status":"closed","template":"","meta":{"footnotes":"","_links_to":"","_links_to_target":""},"class_list":["post-1678","page","type-page","status-publish","hentry"],"yoast_head":"<!-- This site is optimized with the Yoast SEO plugin v24.6 - https:\/\/yoast.com\/wordpress\/plugins\/seo\/ -->\n<title>Pol\u00edtica de privacidad - Las croquetas de Fer<\/title>\n<meta name=\"robots\" content=\"index, follow, max-snippet:-1, max-image-preview:large, max-video-preview:-1\" \/>\n<link rel=\"canonical\" href=\"https:\/\/lascroquetasdefer.com\/blog\/politica-de-privacidad\/\" \/>\n<meta property=\"og:locale\" content=\"es_ES\" \/>\n<meta property=\"og:type\" content=\"article\" \/>\n<meta property=\"og:title\" content=\"Pol\u00edtica de privacidad - Las croquetas de Fer\" \/>\n<meta property=\"og:description\" content=\"Pol\u00edtica de privacidad De conformidad con lo dispuesto en la Ley ...\" \/>\n<meta property=\"og:url\" content=\"https:\/\/lascroquetasdefer.com\/blog\/politica-de-privacidad\/\" \/>\n<meta property=\"og:site_name\" content=\"Las croquetas de Fer\" \/>\n<meta property=\"article:modified_time\" content=\"2025-01-09T11:25:15+00:00\" \/>\n<meta name=\"twitter:card\" content=\"summary_large_image\" \/>\n<meta name=\"twitter:label1\" content=\"Tiempo de lectura\" \/>\n\t<meta name=\"twitter:data1\" content=\"3 minutos\" \/>\n<script type=\"application\/ld+json\" class=\"yoast-schema-graph\">{\"@context\":\"https:\/\/schema.org\",\"@graph\":[{\"@type\":\"WebPage\",\"@id\":\"https:\/\/lascroquetasdefer.com\/blog\/politica-de-privacidad\/\",\"url\":\"https:\/\/lascroquetasdefer.com\/blog\/politica-de-privacidad\/\",\"name\":\"Pol\u00edtica de privacidad - Las croquetas de Fer\",\"isPartOf\":{\"@id\":\"https:\/\/lascroquetasdefer.com\/blog\/#website\"},\"datePublished\":\"2025-01-09T11:24:48+00:00\",\"dateModified\":\"2025-01-09T11:25:15+00:00\",\"breadcrumb\":{\"@id\":\"https:\/\/lascroquetasdefer.com\/blog\/politica-de-privacidad\/#breadcrumb\"},\"inLanguage\":\"es\",\"potentialAction\":[{\"@type\":\"ReadAction\",\"target\":[\"https:\/\/lascroquetasdefer.com\/blog\/politica-de-privacidad\/\"]}]},{\"@type\":\"BreadcrumbList\",\"@id\":\"https:\/\/lascroquetasdefer.com\/blog\/politica-de-privacidad\/#breadcrumb\",\"itemListElement\":[{\"@type\":\"ListItem\",\"position\":1,\"name\":\"Portada\",\"item\":\"https:\/\/lascroquetasdefer.com\/blog\/\"},{\"@type\":\"ListItem\",\"position\":2,\"name\":\"Pol\u00edtica de privacidad\"}]},{\"@type\":\"WebSite\",\"@id\":\"https:\/\/lascroquetasdefer.com\/blog\/#website\",\"url\":\"https:\/\/lascroquetasdefer.com\/blog\/\",\"name\":\"Las croquetas de Fer\",\"description\":\"Croquetas gourmet en Extremadura\",\"potentialAction\":[{\"@type\":\"SearchAction\",\"target\":{\"@type\":\"EntryPoint\",\"urlTemplate\":\"https:\/\/lascroquetasdefer.com\/blog\/?s={search_term_string}\"},\"query-input\":{\"@type\":\"PropertyValueSpecification\",\"valueRequired\":true,\"valueName\":\"search_term_string\"}}],\"inLanguage\":\"es\"}]}<\/script>\n<!-- \/ Yoast SEO plugin. -->","yoast_head_json":{"title":"Pol\u00edtica de privacidad - Las croquetas de Fer","robots":{"index":"index","follow":"follow","max-snippet":"max-snippet:-1","max-image-preview":"max-image-preview:large","max-video-preview":"max-video-preview:-1"},"canonical":"https:\/\/lascroquetasdefer.com\/blog\/politica-de-privacidad\/","og_locale":"es_ES","og_type":"article","og_title":"Pol\u00edtica de privacidad - Las croquetas de Fer","og_description":"Pol\u00edtica de privacidad De conformidad con lo dispuesto en la Ley ...","og_url":"https:\/\/lascroquetasdefer.com\/blog\/politica-de-privacidad\/","og_site_name":"Las croquetas de Fer","article_modified_time":"2025-01-09T11:25:15+00:00","twitter_card":"summary_large_image","twitter_misc":{"Tiempo de lectura":"3 minutos"},"schema":{"@context":"https:\/\/schema.org","@graph":[{"@type":"WebPage","@id":"https:\/\/lascroquetasdefer.com\/blog\/politica-de-privacidad\/","url":"https:\/\/lascroquetasdefer.com\/blog\/politica-de-privacidad\/","name":"Pol\u00edtica de privacidad - Las croquetas de Fer","isPartOf":{"@id":"https:\/\/lascroquetasdefer.com\/blog\/#website"},"datePublished":"2025-01-09T11:24:48+00:00","dateModified":"2025-01-09T11:25:15+00:00","breadcrumb":{"@id":"https:\/\/lascroquetasdefer.com\/blog\/politica-de-privacidad\/#breadcrumb"},"inLanguage":"es","potentialAction":[{"@type":"ReadAction","target":["https:\/\/lascroquetasdefer.com\/blog\/politica-de-privacidad\/"]}]},{"@type":"BreadcrumbList","@id":"https:\/\/lascroquetasdefer.com\/blog\/politica-de-privacidad\/#breadcrumb","itemListElement":[{"@type":"ListItem","position":1,"name":"Portada","item":"https:\/\/lascroquetasdefer.com\/blog\/"},{"@type":"ListItem","position":2,"name":"Pol\u00edtica de privacidad"}]},{"@type":"WebSite","@id":"https:\/\/lascroquetasdefer.com\/blog\/#website","url":"https:\/\/lascroquetasdefer.com\/blog\/","name":"Las croquetas de Fer","description":"Croquetas gourmet en Extremadura","potentialAction":[{"@type":"SearchAction","target":{"@type":"EntryPoint","urlTemplate":"https:\/\/lascroquetasdefer.com\/blog\/?s={search_term_string}"},"query-input":{"@type":"PropertyValueSpecification","valueRequired":true,"valueName":"search_term_string"}}],"inLanguage":"es"}]}},"_links":{"self":[{"href":"https:\/\/lascroquetasdefer.com\/blog\/wp-json\/wp\/v2\/pages\/1678","targetHints":{"allow":["GET"]}}],"collection":[{"href":"https:\/\/lascroquetasdefer.com\/blog\/wp-json\/wp\/v2\/pages"}],"about":[{"href":"https:\/\/lascroquetasdefer.com\/blog\/wp-json\/wp\/v2\/types\/page"}],"author":[{"embeddable":true,"href":"https:\/\/lascroquetasdefer.com\/blog\/wp-json\/wp\/v2\/users\/1"}],"replies":[{"embeddable":true,"href":"https:\/\/lascroquetasdefer.com\/blog\/wp-json\/wp\/v2\/comments?post=1678"}],"version-history":[{"count":2,"href":"https:\/\/lascroquetasdefer.com\/blog\/wp-json\/wp\/v2\/pages\/1678\/revisions"}],"predecessor-version":[{"id":1680,"href":"https:\/\/lascroquetasdefer.com\/blog\/wp-json\/wp\/v2\/pages\/1678\/revisions\/1680"}],"wp:attachment":[{"href":"https:\/\/lascroquetasdefer.com\/blog\/wp-json\/wp\/v2\/media?parent=1678"}],"curies":[{"name":"wp","href":"https:\/\/api.w.org\/{rel}","templated":true}]}}